{"id":1190,"date":"2024-10-29T19:49:48","date_gmt":"2024-10-29T19:49:48","guid":{"rendered":"https:\/\/respprojetos.com.br\/santanadeparnaiba\/?page_id=1190"},"modified":"2024-10-29T20:01:57","modified_gmt":"2024-10-29T20:01:57","slug":"regularizacoes-e-alvaras","status":"publish","type":"page","link":"https:\/\/respprojetos.com.br\/osasco\/regularizacoes-e-alvaras\/","title":{"rendered":"Regulariza\u00e7\u00f5es e Alvar\u00e1s"},"content":{"rendered":"\t\t<div data-elementor-type=\"wp-page\" data-elementor-id=\"1190\" class=\"elementor elementor-1190\" data-elementor-post-type=\"page\">\n\t\t\t\t<div class=\"elementor-element elementor-element-5f62fbf e-flex e-con-boxed e-con e-parent\" data-id=\"5f62fbf\" data-element_type=\"container\" data-e-type=\"container\" data-settings=\"{&quot;background_background&quot;:&quot;classic&quot;}\">\n\t\t\t\t\t<div class=\"e-con-inner\">\n\t\t<div class=\"elementor-element elementor-element-2637755 e-con-full e-flex e-con e-child\" data-id=\"2637755\" data-element_type=\"container\" data-e-type=\"container\">\n\t\t\t\t<div class=\"elementor-element elementor-element-f5f2daa elementor-widget elementor-widget-image\" data-id=\"f5f2daa\" data-element_type=\"widget\" data-e-type=\"widget\" data-widget_type=\"image.default\">\n\t\t\t\t<div class=\"elementor-widget-container\">\n\t\t\t\t\t\t\t\t\t\t\t\t\t\t\t\t<a href=\"https:\/\/respprojetos.com.br\/osasco\">\n\t\t\t\t\t\t\t<img fetchpriority=\"high\" decoding=\"async\" width=\"271\" height=\"297\" src=\"https:\/\/respprojetos.com.br\/osasco\/wp-content\/uploads\/2024\/02\/logotipo.svg\" class=\"attachment-full size-full wp-image-527\" alt=\"Resp Projetos | Responsabilidade e respeito em seus projetos.\" \/>\t\t\t\t\t\t\t\t<\/a>\n\t\t\t\t\t\t\t\t\t\t\t\t\t\t\t<\/div>\n\t\t\t\t<\/div>\n\t\t\t\t<\/div>\n\t\t<div class=\"elementor-element elementor-element-f26dbae e-con-full e-flex e-con e-child\" data-id=\"f26dbae\" data-element_type=\"container\" data-e-type=\"container\">\n\t\t\t\t<\/div>\n\t\t\t\t\t<\/div>\n\t\t\t\t<\/div>\n\t\t<div class=\"elementor-element elementor-element-f02eb10 e-flex e-con-boxed e-con e-parent\" data-id=\"f02eb10\" data-element_type=\"container\" data-e-type=\"container\" data-settings=\"{&quot;background_background&quot;:&quot;classic&quot;}\">\n\t\t\t\t\t<div class=\"e-con-inner\">\n\t\t<div class=\"elementor-element elementor-element-dde5af9 e-con-full e-flex e-con e-child\" data-id=\"dde5af9\" data-element_type=\"container\" data-e-type=\"container\">\n\t\t\t\t<div class=\"elementor-element elementor-element-3b2624e elementor-widget elementor-widget-heading\" data-id=\"3b2624e\" data-element_type=\"widget\" data-e-type=\"widget\" data-widget_type=\"heading.default\">\n\t\t\t\t<div class=\"elementor-widget-container\">\n\t\t\t\t\t<div class=\"elementor-heading-title elementor-size-default\">Regulariza\u00e7\u00e3o de im\u00f3veis<\/div>\t\t\t\t<\/div>\n\t\t\t\t<\/div>\n\t\t\t\t<div class=\"elementor-element elementor-element-5e43d7e elementor-widget elementor-widget-text-editor\" data-id=\"5e43d7e\" data-element_type=\"widget\" data-e-type=\"widget\" data-widget_type=\"text-editor.default\">\n\t\t\t\t<div class=\"elementor-widget-container\">\n\t\t\t\t\t\t\t\t\t<p><span style=\"font-weight: 400;\">\u00c9 o ato de adequar e ajustar legalmente um\u00a0<\/span><span style=\"font-weight: 400;\">im\u00f3vel<\/span><span style=\"font-weight: 400;\">\u00a0aos requisitos e normas estabelecidos pelo \u00f3rg\u00e3o competente. Essa pr\u00e1tica \u00e9 essencial para garantir a conformidade e regularidade do\u00a0<\/span><span style=\"font-weight: 400;\">im\u00f3vel<\/span><span style=\"font-weight: 400;\">\u00a0perante a legisla\u00e7\u00e3o vigente.<\/span><\/p>\t\t\t\t\t\t\t\t<\/div>\n\t\t\t\t<\/div>\n\t\t\t\t<div class=\"elementor-element elementor-element-143018e elementor-widget elementor-widget-heading\" data-id=\"143018e\" data-element_type=\"widget\" data-e-type=\"widget\" data-widget_type=\"heading.default\">\n\t\t\t\t<div class=\"elementor-widget-container\">\n\t\t\t\t\t<div class=\"elementor-heading-title elementor-size-default\">ART<\/div>\t\t\t\t<\/div>\n\t\t\t\t<\/div>\n\t\t\t\t<div class=\"elementor-element elementor-element-1df706a elementor-widget elementor-widget-text-editor\" data-id=\"1df706a\" data-element_type=\"widget\" data-e-type=\"widget\" data-widget_type=\"text-editor.default\">\n\t\t\t\t<div class=\"elementor-widget-container\">\n\t\t\t\t\t\t\t\t\t<p><span style=\"font-weight: 400;\">Institu\u00edda pela Lei 6496\/77, a\u00a0<\/span><span style=\"font-weight: 400;\">ART<\/span><span style=\"font-weight: 400;\">\u00a0(Anota\u00e7\u00e3o de Responsabilidade T\u00e9cnica) \u00e9 o instrumento que define, para os efeitos legais, os respons\u00e1veis t\u00e9cnicos pela execu\u00e7\u00e3o de obras ou presta\u00e7\u00e3o de servi\u00e7os relativos \u00e0s profiss\u00f5es abrangidas pelo Sistema Confea\/Crea.<\/span><\/p>\t\t\t\t\t\t\t\t<\/div>\n\t\t\t\t<\/div>\n\t\t\t\t<div class=\"elementor-element elementor-element-f481a5f elementor-widget elementor-widget-heading\" data-id=\"f481a5f\" data-element_type=\"widget\" data-e-type=\"widget\" data-widget_type=\"heading.default\">\n\t\t\t\t<div class=\"elementor-widget-container\">\n\t\t\t\t\t<div class=\"elementor-heading-title elementor-size-default\">Alvar\u00e1s de Obras<\/div>\t\t\t\t<\/div>\n\t\t\t\t<\/div>\n\t\t\t\t<div class=\"elementor-element elementor-element-c639c45 elementor-widget elementor-widget-text-editor\" data-id=\"c639c45\" data-element_type=\"widget\" data-e-type=\"widget\" data-widget_type=\"text-editor.default\">\n\t\t\t\t<div class=\"elementor-widget-container\">\n\t\t\t\t\t\t\t\t\t<ul><li><span style=\"font-weight: 400;\">Constru\u00e7\u00e3o<\/span><\/li><li><span style=\"font-weight: 400;\">Demoli\u00e7\u00e3o<\/span><\/li><li><span style=\"font-weight: 400;\">Reformas<\/span><\/li><li><span style=\"font-weight: 400;\">Amplia\u00e7\u00f5es<\/span><\/li><li><span style=\"font-weight: 400;\">Desdobro<\/span><\/li><li><span style=\"font-weight: 400;\">Unifica\u00e7\u00e3o de lote<\/span><\/li><\/ul>\t\t\t\t\t\t\t\t<\/div>\n\t\t\t\t<\/div>\n\t\t\t\t<\/div>\n\t\t<div class=\"elementor-element elementor-element-48efdef e-con-full e-flex e-con e-child\" data-id=\"48efdef\" data-element_type=\"container\" data-e-type=\"container\">\n\t\t\t\t<div class=\"elementor-element elementor-element-34afa77 elementor-invisible elementor-widget elementor-widget-image\" data-id=\"34afa77\" data-element_type=\"widget\" data-e-type=\"widget\" data-settings=\"{&quot;_animation&quot;:&quot;zoomIn&quot;}\" data-widget_type=\"image.default\">\n\t\t\t\t<div class=\"elementor-widget-container\">\n\t\t\t\t\t\t\t\t\t\t\t\t\t\t\t<img decoding=\"async\" width=\"614\" height=\"601\" src=\"https:\/\/respprojetos.com.br\/osasco\/wp-content\/uploads\/2024\/10\/img-alvaras.webp\" class=\"attachment-full size-full wp-image-1192\" alt=\"\" srcset=\"https:\/\/respprojetos.com.br\/osasco\/wp-content\/uploads\/2024\/10\/img-alvaras.webp 614w, https:\/\/respprojetos.com.br\/osasco\/wp-content\/uploads\/2024\/10\/img-alvaras-300x294.webp 300w\" sizes=\"(max-width: 614px) 100vw, 614px\" \/>\t\t\t\t\t\t\t\t\t\t\t\t\t\t\t<\/div>\n\t\t\t\t<\/div>\n\t\t\t\t<\/div>\n\t\t\t\t\t<\/div>\n\t\t\t\t<\/div>\n\t\t\t\t<\/div>\n\t\t","protected":false},"excerpt":{"rendered":"<p>Regulariza\u00e7\u00e3o de im\u00f3veis \u00c9 o ato de adequar e ajustar legalmente um\u00a0im\u00f3vel\u00a0aos requisitos e normas estabelecidos pelo \u00f3rg\u00e3o competente. Essa pr\u00e1tica \u00e9 essencial para garantir a conformidade e regularidade do\u00a0im\u00f3vel\u00a0perante a legisla\u00e7\u00e3o vigente. ART Institu\u00edda pela Lei 6496\/77, a\u00a0ART\u00a0(Anota\u00e7\u00e3o de Responsabilidade T\u00e9cnica) \u00e9 o instrumento que define, para os efeitos legais, os respons\u00e1veis t\u00e9cnicos pela [&hellip;]<\/p>\n","protected":false},"author":1,"featured_media":0,"parent":0,"menu_order":0,"comment_status":"closed","ping_status":"closed","template":"elementor_header_footer","meta":{"_joinchat":[],"footnotes":""},"class_list":["post-1190","page","type-page","status-publish","hentry"],"_links":{"self":[{"href":"https:\/\/respprojetos.com.br\/osasco\/wp-json\/wp\/v2\/pages\/1190","targetHints":{"allow":["GET"]}}],"collection":[{"href":"https:\/\/respprojetos.com.br\/osasco\/wp-json\/wp\/v2\/pages"}],"about":[{"href":"https:\/\/respprojetos.com.br\/osasco\/wp-json\/wp\/v2\/types\/page"}],"author":[{"embeddable":true,"href":"https:\/\/respprojetos.com.br\/osasco\/wp-json\/wp\/v2\/users\/1"}],"replies":[{"embeddable":true,"href":"https:\/\/respprojetos.com.br\/osasco\/wp-json\/wp\/v2\/comments?post=1190"}],"version-history":[{"count":0,"href":"https:\/\/respprojetos.com.br\/osasco\/wp-json\/wp\/v2\/pages\/1190\/revisions"}],"wp:attachment":[{"href":"https:\/\/respprojetos.com.br\/osasco\/wp-json\/wp\/v2\/media?parent=1190"}],"curies":[{"name":"wp","href":"https:\/\/api.w.org\/{rel}","templated":true}]}}