{"id":65,"date":"2024-06-02T12:19:43","date_gmt":"2024-06-02T12:19:43","guid":{"rendered":"https:\/\/respprojetos.com.br\/?page_id=65"},"modified":"2024-10-29T20:01:55","modified_gmt":"2024-10-29T20:01:55","slug":"projetos-e-laudos","status":"publish","type":"page","link":"https:\/\/respprojetos.com.br\/osasco\/projetos-e-laudos\/","title":{"rendered":"Projetos e Laudos"},"content":{"rendered":"\t\t<div data-elementor-type=\"wp-page\" data-elementor-id=\"65\" class=\"elementor elementor-65\" data-elementor-post-type=\"page\">\n\t\t\t\t<div class=\"elementor-element elementor-element-5f62fbf e-flex e-con-boxed e-con e-parent\" data-id=\"5f62fbf\" data-element_type=\"container\" data-e-type=\"container\" data-settings=\"{&quot;background_background&quot;:&quot;classic&quot;}\">\n\t\t\t\t\t<div class=\"e-con-inner\">\n\t\t<div class=\"elementor-element elementor-element-2637755 e-con-full e-flex e-con e-child\" data-id=\"2637755\" data-element_type=\"container\" data-e-type=\"container\">\n\t\t\t\t<div class=\"elementor-element elementor-element-f5f2daa elementor-widget elementor-widget-image\" data-id=\"f5f2daa\" data-element_type=\"widget\" data-e-type=\"widget\" data-widget_type=\"image.default\">\n\t\t\t\t<div class=\"elementor-widget-container\">\n\t\t\t\t\t\t\t\t\t\t\t\t\t\t\t\t<a href=\"https:\/\/respprojetos.com.br\/osasco\">\n\t\t\t\t\t\t\t<img fetchpriority=\"high\" decoding=\"async\" width=\"271\" height=\"297\" src=\"https:\/\/respprojetos.com.br\/osasco\/wp-content\/uploads\/2024\/02\/logotipo.svg\" class=\"attachment-full size-full wp-image-527\" alt=\"Resp Projetos | Responsabilidade e respeito em seus projetos.\" \/>\t\t\t\t\t\t\t\t<\/a>\n\t\t\t\t\t\t\t\t\t\t\t\t\t\t\t<\/div>\n\t\t\t\t<\/div>\n\t\t\t\t<\/div>\n\t\t<div class=\"elementor-element elementor-element-f26dbae e-con-full e-flex e-con e-child\" data-id=\"f26dbae\" data-element_type=\"container\" data-e-type=\"container\">\n\t\t\t\t<\/div>\n\t\t\t\t\t<\/div>\n\t\t\t\t<\/div>\n\t\t<div class=\"elementor-element elementor-element-3628643 e-flex e-con-boxed e-con e-parent\" data-id=\"3628643\" data-element_type=\"container\" data-e-type=\"container\" data-settings=\"{&quot;background_background&quot;:&quot;classic&quot;}\">\n\t\t\t\t\t<div class=\"e-con-inner\">\n\t\t<div class=\"elementor-element elementor-element-df593fb e-con-full e-flex e-con e-child\" data-id=\"df593fb\" data-element_type=\"container\" data-e-type=\"container\">\n\t\t\t\t<div class=\"elementor-element elementor-element-8336088 elementor-widget elementor-widget-heading\" data-id=\"8336088\" data-element_type=\"widget\" data-e-type=\"widget\" data-widget_type=\"heading.default\">\n\t\t\t\t<div class=\"elementor-widget-container\">\n\t\t\t\t\t<div class=\"elementor-heading-title elementor-size-default\">AVCB<\/div>\t\t\t\t<\/div>\n\t\t\t\t<\/div>\n\t\t\t\t<div class=\"elementor-element elementor-element-942a6e1 elementor-widget elementor-widget-text-editor\" data-id=\"942a6e1\" data-element_type=\"widget\" data-e-type=\"widget\" data-widget_type=\"text-editor.default\">\n\t\t\t\t<div class=\"elementor-widget-container\">\n\t\t\t\t\t\t\t\t\t<p><span style=\"font-weight: 400;\">Significa Auto de Vistoria do Corpo de Bombeiros e deve ser emitido como forma de garantia de que a edifica\u00e7\u00e3o segue as regulamenta\u00e7\u00f5es de seguran\u00e7a contra inc\u00eandio.<\/span><\/p>\t\t\t\t\t\t\t\t<\/div>\n\t\t\t\t<\/div>\n\t\t\t\t<div class=\"elementor-element elementor-element-0cbe903 elementor-widget elementor-widget-heading\" data-id=\"0cbe903\" data-element_type=\"widget\" data-e-type=\"widget\" data-widget_type=\"heading.default\">\n\t\t\t\t<div class=\"elementor-widget-container\">\n\t\t\t\t\t<div class=\"elementor-heading-title elementor-size-default\">CLCB<\/div>\t\t\t\t<\/div>\n\t\t\t\t<\/div>\n\t\t\t\t<div class=\"elementor-element elementor-element-3e82d74 elementor-widget elementor-widget-text-editor\" data-id=\"3e82d74\" data-element_type=\"widget\" data-e-type=\"widget\" data-widget_type=\"text-editor.default\">\n\t\t\t\t<div class=\"elementor-widget-container\">\n\t\t\t\t\t\t\t\t\t<p><span style=\"font-weight: 400;\">\u00c9 uma Licen\u00e7a do Corpo de Bombeiros para edifica\u00e7\u00f5es enquadradas como sendo de baixo potencial de risco a vida e ao patrim\u00f4nio e que substitui o Auto de Vistoria do Corpo de Bombeiros (AVCB) para todos os fins.<\/span><\/p>\t\t\t\t\t\t\t\t<\/div>\n\t\t\t\t<\/div>\n\t\t\t\t<div class=\"elementor-element elementor-element-3bb3861 elementor-widget elementor-widget-heading\" data-id=\"3bb3861\" data-element_type=\"widget\" data-e-type=\"widget\" data-widget_type=\"heading.default\">\n\t\t\t\t<div class=\"elementor-widget-container\">\n\t\t\t\t\t<div class=\"elementor-heading-title elementor-size-default\">Projeto de combate a inc\u00eandio<\/div>\t\t\t\t<\/div>\n\t\t\t\t<\/div>\n\t\t\t\t<div class=\"elementor-element elementor-element-032f2c0 elementor-widget elementor-widget-text-editor\" data-id=\"032f2c0\" data-element_type=\"widget\" data-e-type=\"widget\" data-widget_type=\"text-editor.default\">\n\t\t\t\t<div class=\"elementor-widget-container\">\n\t\t\t\t\t\t\t\t\t<p><span style=\"font-weight: 400;\">\u00c9 um documento de seguran\u00e7a elaborado seguindo requisitos e normas estaduais para prevenir e impedir a expans\u00e3o de focos de\u00a0<\/span><span style=\"font-weight: 400;\">inc\u00eandio<\/span><span style=\"font-weight: 400;\">. Saiba mais sobre ele aqui! Um dos requisitos b\u00e1sicos de seguran\u00e7a para edifica\u00e7\u00f5es \u00e9 a exist\u00eancia de um\u00a0<\/span><span style=\"font-weight: 400;\">projeto de combate a inc\u00eandios<\/span><span style=\"font-weight: 400;\">.<\/span><\/p>\t\t\t\t\t\t\t\t<\/div>\n\t\t\t\t<\/div>\n\t\t\t\t<\/div>\n\t\t<div class=\"elementor-element elementor-element-4030ac6 e-con-full e-flex e-con e-child\" data-id=\"4030ac6\" data-element_type=\"container\" data-e-type=\"container\">\n\t\t\t\t<div class=\"elementor-element elementor-element-40924e6 elementor-invisible elementor-widget elementor-widget-image\" data-id=\"40924e6\" data-element_type=\"widget\" data-e-type=\"widget\" data-settings=\"{&quot;_animation&quot;:&quot;zoomIn&quot;}\" data-widget_type=\"image.default\">\n\t\t\t\t<div class=\"elementor-widget-container\">\n\t\t\t\t\t\t\t\t\t\t\t\t\t\t\t<img decoding=\"async\" width=\"720\" height=\"705\" src=\"https:\/\/respprojetos.com.br\/osasco\/wp-content\/uploads\/2024\/10\/img-avcb.webp\" class=\"attachment-full size-full wp-image-1116\" alt=\"Projetos e Laudos\" srcset=\"https:\/\/respprojetos.com.br\/osasco\/wp-content\/uploads\/2024\/10\/img-avcb.webp 720w, https:\/\/respprojetos.com.br\/osasco\/wp-content\/uploads\/2024\/10\/img-avcb-300x294.webp 300w\" sizes=\"(max-width: 720px) 100vw, 720px\" \/>\t\t\t\t\t\t\t\t\t\t\t\t\t\t\t<\/div>\n\t\t\t\t<\/div>\n\t\t\t\t<\/div>\n\t\t\t\t\t<\/div>\n\t\t\t\t<\/div>\n\t\t<div class=\"elementor-element elementor-element-c754e9a e-flex e-con-boxed e-con e-parent\" data-id=\"c754e9a\" data-element_type=\"container\" data-e-type=\"container\" data-settings=\"{&quot;background_background&quot;:&quot;classic&quot;}\">\n\t\t\t\t\t<div class=\"e-con-inner\">\n\t\t<div class=\"elementor-element elementor-element-3951baa e-con-full e-flex e-con e-child\" data-id=\"3951baa\" data-element_type=\"container\" data-e-type=\"container\">\n\t\t\t\t<div class=\"elementor-element elementor-element-c57c7e7 elementor-widget elementor-widget-heading\" data-id=\"c57c7e7\" data-element_type=\"widget\" data-e-type=\"widget\" data-widget_type=\"heading.default\">\n\t\t\t\t<div class=\"elementor-widget-container\">\n\t\t\t\t\t<div class=\"elementor-heading-title elementor-size-default\">Projeto arquitet\u00f4nico<\/div>\t\t\t\t<\/div>\n\t\t\t\t<\/div>\n\t\t\t\t<div class=\"elementor-element elementor-element-4b1a656 elementor-widget elementor-widget-text-editor\" data-id=\"4b1a656\" data-element_type=\"widget\" data-e-type=\"widget\" data-widget_type=\"text-editor.default\">\n\t\t\t\t<div class=\"elementor-widget-container\">\n\t\t\t\t\t\t\t\t\t<p><span style=\"font-weight: 400;\">\u00c9 um\u00a0conjunto de documentos, desenhos e especifica\u00e7\u00f5es que descrevem a concep\u00e7\u00e3o e a organiza\u00e7\u00e3o de um edif\u00edcio ou espa\u00e7o arquitet\u00f4nico. Ele \u00e9 desenvolvido por um arquiteto, engenheiro ou equipe de arquitetura e serve como guia para a constru\u00e7\u00e3o ou reforma de uma edifica\u00e7\u00e3o.<\/span><\/p>\t\t\t\t\t\t\t\t<\/div>\n\t\t\t\t<\/div>\n\t\t\t\t<div class=\"elementor-element elementor-element-1892d32 elementor-widget elementor-widget-heading\" data-id=\"1892d32\" data-element_type=\"widget\" data-e-type=\"widget\" data-widget_type=\"heading.default\">\n\t\t\t\t<div class=\"elementor-widget-container\">\n\t\t\t\t\t<div class=\"elementor-heading-title elementor-size-default\">Projeto estrutural<\/div>\t\t\t\t<\/div>\n\t\t\t\t<\/div>\n\t\t\t\t<div class=\"elementor-element elementor-element-db6ff51 elementor-widget elementor-widget-text-editor\" data-id=\"db6ff51\" data-element_type=\"widget\" data-e-type=\"widget\" data-widget_type=\"text-editor.default\">\n\t\t\t\t<div class=\"elementor-widget-container\">\n\t\t\t\t\t\t\t\t\t<p><span style=\"font-weight: 400;\">(Tamb\u00e9m conhecido como c\u00e1lculo <\/span><span style=\"font-weight: 400;\">estrutural<\/span><span style=\"font-weight: 400;\">), \u00e9 complementar ao\u00a0<\/span><span style=\"font-weight: 400;\">projeto<\/span><span style=\"font-weight: 400;\"> arquitet\u00f4nico, seu foco \u00e9 o dimensionamento, detalhamento e verifica\u00e7\u00e3o de elementos estruturais (vigas, lajes, pilares, funda\u00e7\u00f5es, entre outros), que dever\u00e3o resistir aos esfor\u00e7os impostos pelo uso e ocupa\u00e7\u00e3o da estrutura.<\/span><\/p>\t\t\t\t\t\t\t\t<\/div>\n\t\t\t\t<\/div>\n\t\t\t\t<div class=\"elementor-element elementor-element-c613ea4 elementor-widget elementor-widget-heading\" data-id=\"c613ea4\" data-element_type=\"widget\" data-e-type=\"widget\" data-widget_type=\"heading.default\">\n\t\t\t\t<div class=\"elementor-widget-container\">\n\t\t\t\t\t<div class=\"elementor-heading-title elementor-size-default\">Topografia<\/div>\t\t\t\t<\/div>\n\t\t\t\t<\/div>\n\t\t\t\t<div class=\"elementor-element elementor-element-23e8974 elementor-widget elementor-widget-text-editor\" data-id=\"23e8974\" data-element_type=\"widget\" data-e-type=\"widget\" data-widget_type=\"text-editor.default\">\n\t\t\t\t<div class=\"elementor-widget-container\">\n\t\t\t\t\t\t\t\t\t<p><span style=\"font-weight: 400;\">Atrav\u00e9s da topografia \u00e9 poss\u00edvel determinar analiticamente as medidas de \u00e1rea e per\u00edmetro, localiza\u00e7\u00e3o, orienta\u00e7\u00e3o, varia\u00e7\u00f5es no relevo e ainda represent\u00e1-las graficamente em cartas ou plantas topogr\u00e1ficas.<\/span><\/p>\t\t\t\t\t\t\t\t<\/div>\n\t\t\t\t<\/div>\n\t\t\t\t<\/div>\n\t\t<div class=\"elementor-element elementor-element-216821c e-con-full e-flex e-con e-child\" data-id=\"216821c\" data-element_type=\"container\" data-e-type=\"container\">\n\t\t\t\t<div class=\"elementor-element elementor-element-b414969 elementor-widget elementor-widget-heading\" data-id=\"b414969\" data-element_type=\"widget\" data-e-type=\"widget\" data-widget_type=\"heading.default\">\n\t\t\t\t<div class=\"elementor-widget-container\">\n\t\t\t\t\t<div class=\"elementor-heading-title elementor-size-default\">Projeto el\u00e9trico<\/div>\t\t\t\t<\/div>\n\t\t\t\t<\/div>\n\t\t\t\t<div class=\"elementor-element elementor-element-ee7784f elementor-widget elementor-widget-text-editor\" data-id=\"ee7784f\" data-element_type=\"widget\" data-e-type=\"widget\" data-widget_type=\"text-editor.default\">\n\t\t\t\t<div class=\"elementor-widget-container\">\n\t\t\t\t\t\t\t\t\t<p><span style=\"font-weight: 400;\">\u00c9 a representa\u00e7\u00e3o em folha de todo o planejamento da parte\u00a0<\/span><span style=\"font-weight: 400;\">el\u00e9trica<\/span><span style=\"font-weight: 400;\">\u00a0de um estabelecimento, sendo analisado o posicionamento de cada tomada, ponto de lumin\u00e1ria, interruptor e tamb\u00e9m de condu\u00edtes e fia\u00e7\u00e3o que alimentam a casa assim constando todas as informa\u00e7\u00f5es do que vai ser preciso na hora da execu\u00e7\u00e3o.<\/span><\/p>\t\t\t\t\t\t\t\t<\/div>\n\t\t\t\t<\/div>\n\t\t\t\t<div class=\"elementor-element elementor-element-9cd6118 elementor-widget elementor-widget-heading\" data-id=\"9cd6118\" data-element_type=\"widget\" data-e-type=\"widget\" data-widget_type=\"heading.default\">\n\t\t\t\t<div class=\"elementor-widget-container\">\n\t\t\t\t\t<div class=\"elementor-heading-title elementor-size-default\">Projeto hidr\u00e1ulico<\/div>\t\t\t\t<\/div>\n\t\t\t\t<\/div>\n\t\t\t\t<div class=\"elementor-element elementor-element-1741bac elementor-widget elementor-widget-text-editor\" data-id=\"1741bac\" data-element_type=\"widget\" data-e-type=\"widget\" data-widget_type=\"text-editor.default\">\n\t\t\t\t<div class=\"elementor-widget-container\">\n\t\t\t\t\t\t\t\t\t<p><span style=\"font-weight: 400;\">Consiste em todo o sistema que faz parte da arquitetura do im\u00f3vel para abastecer, distribuir e escoar a \u00e1gua. Nele, est\u00e3o inclusas as redes de distribui\u00e7\u00e3o de \u00e1gua fria e quente, caixa d&#8217;\u00e1gua, coleta de esgoto e \u00e1guas pluviais.<\/span><\/p>\t\t\t\t\t\t\t\t<\/div>\n\t\t\t\t<\/div>\n\t\t\t\t<div class=\"elementor-element elementor-element-28003a2 elementor-widget elementor-widget-heading\" data-id=\"28003a2\" data-element_type=\"widget\" data-e-type=\"widget\" data-widget_type=\"heading.default\">\n\t\t\t\t<div class=\"elementor-widget-container\">\n\t\t\t\t\t<div class=\"elementor-heading-title elementor-size-default\">Sondagem de Solo<\/div>\t\t\t\t<\/div>\n\t\t\t\t<\/div>\n\t\t\t\t<div class=\"elementor-element elementor-element-40fd1ae elementor-widget elementor-widget-text-editor\" data-id=\"40fd1ae\" data-element_type=\"widget\" data-e-type=\"widget\" data-widget_type=\"text-editor.default\">\n\t\t\t\t<div class=\"elementor-widget-container\">\n\t\t\t\t\t\t\t\t\t<p><span style=\"font-weight: 400;\">Tamb\u00e9m conhecida como investiga\u00e7\u00e3o geot\u00e9cnica, a sondagem de solo\u00a0tem como grande finalidade avaliar a presen\u00e7a de \u00e1gua no subsolo e a resist\u00eancia do solo, entre outras caracter\u00edsticas geol\u00f3gicas e geot\u00e9cnicas do local.<\/span><\/p>\t\t\t\t\t\t\t\t<\/div>\n\t\t\t\t<\/div>\n\t\t\t\t<\/div>\n\t\t\t\t\t<\/div>\n\t\t\t\t<\/div>\n\t\t\t\t<\/div>\n\t\t","protected":false},"excerpt":{"rendered":"<p>AVCB Significa Auto de Vistoria do Corpo de Bombeiros e deve ser emitido como forma de garantia de que a edifica\u00e7\u00e3o segue as regulamenta\u00e7\u00f5es de seguran\u00e7a contra inc\u00eandio. CLCB \u00c9 uma Licen\u00e7a do Corpo de Bombeiros para edifica\u00e7\u00f5es enquadradas como sendo de baixo potencial de risco a vida e ao patrim\u00f4nio e que substitui o [&hellip;]<\/p>\n","protected":false},"author":1,"featured_media":0,"parent":0,"menu_order":0,"comment_status":"closed","ping_status":"closed","template":"elementor_header_footer","meta":{"_joinchat":[],"footnotes":""},"class_list":["post-65","page","type-page","status-publish","hentry"],"_links":{"self":[{"href":"https:\/\/respprojetos.com.br\/osasco\/wp-json\/wp\/v2\/pages\/65","targetHints":{"allow":["GET"]}}],"collection":[{"href":"https:\/\/respprojetos.com.br\/osasco\/wp-json\/wp\/v2\/pages"}],"about":[{"href":"https:\/\/respprojetos.com.br\/osasco\/wp-json\/wp\/v2\/types\/page"}],"author":[{"embeddable":true,"href":"https:\/\/respprojetos.com.br\/osasco\/wp-json\/wp\/v2\/users\/1"}],"replies":[{"embeddable":true,"href":"https:\/\/respprojetos.com.br\/osasco\/wp-json\/wp\/v2\/comments?post=65"}],"version-history":[{"count":0,"href":"https:\/\/respprojetos.com.br\/osasco\/wp-json\/wp\/v2\/pages\/65\/revisions"}],"wp:attachment":[{"href":"https:\/\/respprojetos.com.br\/osasco\/wp-json\/wp\/v2\/media?parent=65"}],"curies":[{"name":"wp","href":"https:\/\/api.w.org\/{rel}","templated":true}]}}