{"id":1202,"date":"2024-10-29T19:53:22","date_gmt":"2024-10-29T19:53:22","guid":{"rendered":"https:\/\/respprojetos.com.br\/santanadeparnaiba\/?page_id=1202"},"modified":"2024-10-29T20:01:48","modified_gmt":"2024-10-29T20:01:48","slug":"processos-judiciais","status":"publish","type":"page","link":"https:\/\/respprojetos.com.br\/santanadeparnaiba\/processos-judiciais\/","title":{"rendered":"Presta\u00e7\u00e3o de Servi\u00e7os em Processos Judiciais"},"content":{"rendered":"\t\t<div data-elementor-type=\"wp-page\" data-elementor-id=\"1202\" class=\"elementor elementor-1202\" data-elementor-post-type=\"page\">\n\t\t\t\t<div class=\"elementor-element elementor-element-5f62fbf e-flex e-con-boxed e-con e-parent\" data-id=\"5f62fbf\" data-element_type=\"container\" data-e-type=\"container\" data-settings=\"{&quot;background_background&quot;:&quot;classic&quot;}\">\n\t\t\t\t\t<div class=\"e-con-inner\">\n\t\t<div class=\"elementor-element elementor-element-2637755 e-con-full e-flex e-con e-child\" data-id=\"2637755\" data-element_type=\"container\" data-e-type=\"container\">\n\t\t\t\t<div class=\"elementor-element elementor-element-f5f2daa elementor-widget elementor-widget-image\" data-id=\"f5f2daa\" data-element_type=\"widget\" data-e-type=\"widget\" data-widget_type=\"image.default\">\n\t\t\t\t<div class=\"elementor-widget-container\">\n\t\t\t\t\t\t\t\t\t\t\t\t\t\t\t\t<a href=\"https:\/\/respprojetos.com.br\/santanadeparnaiba\">\n\t\t\t\t\t\t\t<img fetchpriority=\"high\" decoding=\"async\" width=\"271\" height=\"297\" src=\"https:\/\/respprojetos.com.br\/santanadeparnaiba\/wp-content\/uploads\/2024\/02\/logotipo.svg\" class=\"attachment-full size-full wp-image-527\" alt=\"Resp Projetos | Responsabilidade e respeito em seus projetos.\" \/>\t\t\t\t\t\t\t\t<\/a>\n\t\t\t\t\t\t\t\t\t\t\t\t\t\t\t<\/div>\n\t\t\t\t<\/div>\n\t\t\t\t<\/div>\n\t\t<div class=\"elementor-element elementor-element-f26dbae e-con-full e-flex e-con e-child\" data-id=\"f26dbae\" data-element_type=\"container\" data-e-type=\"container\">\n\t\t\t\t<\/div>\n\t\t\t\t\t<\/div>\n\t\t\t\t<\/div>\n\t\t<div class=\"elementor-element elementor-element-26ed092 e-flex e-con-boxed e-con e-parent\" data-id=\"26ed092\" data-element_type=\"container\" data-e-type=\"container\" data-settings=\"{&quot;background_background&quot;:&quot;classic&quot;}\">\n\t\t\t\t\t<div class=\"e-con-inner\">\n\t\t<div class=\"elementor-element elementor-element-82cce57 e-con-full e-flex e-con e-child\" data-id=\"82cce57\" data-element_type=\"container\" data-e-type=\"container\">\n\t\t\t\t<div class=\"elementor-element elementor-element-338777d elementor-widget elementor-widget-heading\" data-id=\"338777d\" data-element_type=\"widget\" data-e-type=\"widget\" data-widget_type=\"heading.default\">\n\t\t\t\t<div class=\"elementor-widget-container\">\n\t\t\t\t\t<div class=\"elementor-heading-title elementor-size-default\">LTA - Laudo T\u00e9cnico de Avalia\u00e7\u00e3o<\/div>\t\t\t\t<\/div>\n\t\t\t\t<\/div>\n\t\t\t\t<div class=\"elementor-element elementor-element-f752b93 elementor-widget elementor-widget-text-editor\" data-id=\"f752b93\" data-element_type=\"widget\" data-e-type=\"widget\" data-widget_type=\"text-editor.default\">\n\t\t\t\t<div class=\"elementor-widget-container\">\n\t\t\t\t\t\t\t\t\t<p><span style=\"font-weight: 400;\">\u00c9 o documento que expressa decis\u00e3o do \u00f3rg\u00e3o de Vigil\u00e2ncia Sanit\u00e1ria competente sobre a avalia\u00e7\u00e3o f\u00edsico-funcional do projeto de edifica\u00e7\u00e3o e seus complementos, que contempla a atividade de interesse da sa\u00fade.<\/span><\/p>\t\t\t\t\t\t\t\t<\/div>\n\t\t\t\t<\/div>\n\t\t\t\t<div class=\"elementor-element elementor-element-f523506 elementor-widget elementor-widget-heading\" data-id=\"f523506\" data-element_type=\"widget\" data-e-type=\"widget\" data-widget_type=\"heading.default\">\n\t\t\t\t<div class=\"elementor-widget-container\">\n\t\t\t\t\t<div class=\"elementor-heading-title elementor-size-default\">Treinamento de Brigada de Inc\u00eandio<\/div>\t\t\t\t<\/div>\n\t\t\t\t<\/div>\n\t\t\t\t<div class=\"elementor-element elementor-element-ff0b2df elementor-widget elementor-widget-text-editor\" data-id=\"ff0b2df\" data-element_type=\"widget\" data-e-type=\"widget\" data-widget_type=\"text-editor.default\">\n\t\t\t\t<div class=\"elementor-widget-container\">\n\t\t\t\t\t\t\t\t\t<p><span style=\"font-weight: 400;\">O\u00a0curso de brigadistas, tamb\u00e9m conhecido como de forma\u00e7\u00e3o de\u00a0brigadas\u00a0de inc\u00eandio, tem como objetivo fornecer no\u00e7\u00f5es da utiliza\u00e7\u00e3o adequada de equipamentos como extintores e hidrantes e tamb\u00e9m de preven\u00e7\u00e3o, isolamento e extin\u00e7\u00e3o de pequenos focos de inc\u00eandio, al\u00e9m de abandono da \u00e1rea, t\u00e9cnicas de primeiros socorros.<\/span><\/p>\t\t\t\t\t\t\t\t<\/div>\n\t\t\t\t<\/div>\n\t\t\t\t<\/div>\n\t\t<div class=\"elementor-element elementor-element-3336c69 e-con-full e-flex e-con e-child\" data-id=\"3336c69\" data-element_type=\"container\" data-e-type=\"container\">\n\t\t\t\t<div class=\"elementor-element elementor-element-0cfc243 elementor-invisible elementor-widget elementor-widget-image\" data-id=\"0cfc243\" data-element_type=\"widget\" data-e-type=\"widget\" data-settings=\"{&quot;_animation&quot;:&quot;zoomIn&quot;}\" data-widget_type=\"image.default\">\n\t\t\t\t<div class=\"elementor-widget-container\">\n\t\t\t\t\t\t\t\t\t\t\t\t\t\t\t<img decoding=\"async\" width=\"614\" height=\"601\" src=\"https:\/\/respprojetos.com.br\/santanadeparnaiba\/wp-content\/uploads\/2024\/10\/img-prestacao-servicos.webp\" class=\"attachment-full size-full wp-image-1207\" alt=\"\" srcset=\"https:\/\/respprojetos.com.br\/santanadeparnaiba\/wp-content\/uploads\/2024\/10\/img-prestacao-servicos.webp 614w, https:\/\/respprojetos.com.br\/santanadeparnaiba\/wp-content\/uploads\/2024\/10\/img-prestacao-servicos-300x294.webp 300w\" sizes=\"(max-width: 614px) 100vw, 614px\" \/>\t\t\t\t\t\t\t\t\t\t\t\t\t\t\t<\/div>\n\t\t\t\t<\/div>\n\t\t\t\t<\/div>\n\t\t\t\t\t<\/div>\n\t\t\t\t<\/div>\n\t\t\t\t<\/div>\n\t\t","protected":false},"excerpt":{"rendered":"<p>LTA &#8211; Laudo T\u00e9cnico de Avalia\u00e7\u00e3o \u00c9 o documento que expressa decis\u00e3o do \u00f3rg\u00e3o de Vigil\u00e2ncia Sanit\u00e1ria competente sobre a avalia\u00e7\u00e3o f\u00edsico-funcional do projeto de edifica\u00e7\u00e3o e seus complementos, que contempla a atividade de interesse da sa\u00fade. Treinamento de Brigada de Inc\u00eandio O\u00a0curso de brigadistas, tamb\u00e9m conhecido como de forma\u00e7\u00e3o de\u00a0brigadas\u00a0de inc\u00eandio, tem como objetivo [&hellip;]<\/p>\n","protected":false},"author":1,"featured_media":0,"parent":0,"menu_order":0,"comment_status":"closed","ping_status":"closed","template":"elementor_header_footer","meta":{"_joinchat":[],"footnotes":""},"class_list":["post-1202","page","type-page","status-publish","hentry"],"_links":{"self":[{"href":"https:\/\/respprojetos.com.br\/santanadeparnaiba\/wp-json\/wp\/v2\/pages\/1202","targetHints":{"allow":["GET"]}}],"collection":[{"href":"https:\/\/respprojetos.com.br\/santanadeparnaiba\/wp-json\/wp\/v2\/pages"}],"about":[{"href":"https:\/\/respprojetos.com.br\/santanadeparnaiba\/wp-json\/wp\/v2\/types\/page"}],"author":[{"embeddable":true,"href":"https:\/\/respprojetos.com.br\/santanadeparnaiba\/wp-json\/wp\/v2\/users\/1"}],"replies":[{"embeddable":true,"href":"https:\/\/respprojetos.com.br\/santanadeparnaiba\/wp-json\/wp\/v2\/comments?post=1202"}],"version-history":[{"count":0,"href":"https:\/\/respprojetos.com.br\/santanadeparnaiba\/wp-json\/wp\/v2\/pages\/1202\/revisions"}],"wp:attachment":[{"href":"https:\/\/respprojetos.com.br\/santanadeparnaiba\/wp-json\/wp\/v2\/media?parent=1202"}],"curies":[{"name":"wp","href":"https:\/\/api.w.org\/{rel}","templated":true}]}}